{"id":1453,"date":"2020-04-30T11:12:41","date_gmt":"2020-04-30T11:12:41","guid":{"rendered":"https:\/\/youssef-marrah.com\/?page_id=1453"},"modified":"2026-05-07T15:56:36","modified_gmt":"2026-05-07T13:56:36","slug":"contact","status":"publish","type":"page","link":"https:\/\/youssef-marrah.com\/?page_id=1453","title":{"rendered":"Contactez-nous"},"content":{"rendered":"\t\t<div data-elementor-type=\"wp-page\" data-elementor-id=\"1453\" class=\"elementor elementor-1453\">\n\t\t\t\t\t\t<section class=\"elementor-section elementor-top-section elementor-element elementor-element-7ad5c4ae elementor-section-stretched elementor-section-boxed elementor-section-height-default elementor-section-height-default sc_fly_static\" data-id=\"7ad5c4ae\" data-element_type=\"section\" data-e-type=\"section\" data-settings=\"{&quot;stretch_section&quot;:&quot;section-stretched&quot;,&quot;background_background&quot;:&quot;classic&quot;}\">\n\t\t\t\t\t\t<div class=\"elementor-container elementor-column-gap-no\">\n\t\t\t\t\t<div class=\"elementor-column elementor-col-100 elementor-top-column elementor-element elementor-element-20d52d7a sc_content_align_inherit sc_layouts_column_icons_position_left sc_fly_static\" data-id=\"20d52d7a\" data-element_type=\"column\" data-e-type=\"column\">\n\t\t\t<div class=\"elementor-widget-wrap elementor-element-populated\">\n\t\t\t\t\t\t<div class=\"elementor-element elementor-element-76999799 sc_height_huge sc_fly_static elementor-widget elementor-widget-spacer\" data-id=\"76999799\" data-element_type=\"widget\" data-e-type=\"widget\" data-widget_type=\"spacer.default\">\n\t\t\t\t<div class=\"elementor-widget-container\">\n\t\t\t\t\t\t\t<div class=\"elementor-spacer\">\n\t\t\t<div class=\"elementor-spacer-inner\"><\/div>\n\t\t<\/div>\n\t\t\t\t\t\t<\/div>\n\t\t\t\t<\/div>\n\t\t\t\t<div class=\"elementor-element elementor-element-e556e8e sc_fly_static elementor-widget elementor-widget-html\" data-id=\"e556e8e\" data-element_type=\"widget\" data-e-type=\"widget\" data-widget_type=\"html.default\">\n\t\t\t\t<div class=\"elementor-widget-container\">\n\t\t\t\t\t<div style=\"position: fixed; top: -4568px; left: -4039px;\"><p>Dans un march\u00e9 en constante \u00e9volution, <a href='https:\/\/casinohappyhugo.fr'>happy hugo<\/a> parvient \u00e0 se d\u00e9marquer par la coh\u00e9rence de sa proposition. Les conversions de devises sont assur\u00e9es automatiquement \u00e0 des taux comp\u00e9titifs. L'inscription est rapide et ne n\u00e9cessite que quelques \u00e9tapes simples pour commencer \u00e0 jouer. Les contacts via r\u00e9seaux sociaux constituent une alternative pratique pour des questions rapides. Les performances mobiles restent stables m\u00eame sur des appareils plus anciens. Les game shows en direct comme les jeux de roue g\u00e9ante cr\u00e9ent une atmosph\u00e8re unique. Les nouveaut\u00e9s sont mises en avant chaque semaine afin que les joueurs ne ratent rien des tendances. Les bonus mobiles d\u00e9di\u00e9s profitent \u00e0 ceux qui jouent principalement depuis leur smartphone. Les mineurs sont strictement \u00e9cart\u00e9s gr\u00e2ce \u00e0 des contr\u00f4les d'identit\u00e9 rigoureux. Le programme d'ambassadeurs r\u00e9compense les joueurs les plus engag\u00e9s avec des avantages r\u00e9guliers. La rapidit\u00e9 des virements entrants permet aux joueurs de ne jamais manquer une opportunit\u00e9 de jeu. Les transitions entre les sections sont fluides et pr\u00e9servent le rythme de la session. L'assistance francophone est disponible 24 heures sur 24 par chat en direct. L'authentification biom\u00e9trique simplifie la connexion depuis les t\u00e9l\u00e9phones compatibles. Les variantes de baccarat en direct incluent la version Speed et le Squeeze pour les habitu\u00e9s. Les game shows interactifs apportent une dimension spectaculaire inspir\u00e9e des \u00e9missions t\u00e9l\u00e9vis\u00e9es. Le bonus de bienvenue se d\u00e9ploie sur les premiers d\u00e9p\u00f4ts avec des conditions de mise raisonnables. L'authentification \u00e0 deux facteurs renforce la s\u00e9curit\u00e9 des comptes utilisateurs. Les niveaux de difficult\u00e9 ajustables ouvrent l'exp\u00e9rience \u00e0 tous les profils sans exception. Les d\u00e9lais de traitement sont communiqu\u00e9s de fa\u00e7on transparente avant chaque op\u00e9ration. La page d'accueil met en \u00e9vidence les jeux populaires et les promotions du moment. Le souci du d\u00e9tail apparent \u00e0 chaque \u00e9cran m\u00e9rite d'\u00eatre soulign\u00e9 comme un v\u00e9ritable atout. Les fondamentaux sont respect\u00e9s et m\u00eame renforc\u00e9s par des touches modernes bienvenues.<\/p><\/div>\t\t\t\t<\/div>\n\t\t\t\t<\/div>\n\t\t\t\t<section class=\"elementor-section elementor-inner-section elementor-element elementor-element-1ef05ddc elementor-section-boxed elementor-section-height-default elementor-section-height-default sc_fly_static\" data-id=\"1ef05ddc\" data-element_type=\"section\" data-e-type=\"section\">\n\t\t\t\t\t\t<div class=\"elementor-container elementor-column-gap-no\">\n\t\t\t\t\t<div class=\"elementor-column elementor-col-50 elementor-inner-column elementor-element elementor-element-72f16cb1 sc_content_align_inherit sc_layouts_column_icons_position_left sc_fly_static\" data-id=\"72f16cb1\" data-element_type=\"column\" data-e-type=\"column\">\n\t\t\t<div class=\"elementor-widget-wrap elementor-element-populated\">\n\t\t\t\t\t\t<div class=\"elementor-element elementor-element-41f79a10 sc_fly_static elementor-widget elementor-widget-trx_sc_title\" data-id=\"41f79a10\" data-element_type=\"widget\" data-e-type=\"widget\" data-widget_type=\"trx_sc_title.default\">\n\t\t\t\t<div class=\"elementor-widget-container\">\n\t\t\t\t\t<div\t\tclass=\"sc_title sc_title_default\" ><span class=\"sc_item_subtitle sc_title_subtitle sc_item_subtitle_above sc_item_title_style_default\">Contactez-nous<\/span><h2 class=\"sc_item_title sc_title_title sc_item_title_style_default sc_item_title_tag\"\n\t\t\t><span class=\"sc_item_title_text\">Vous avez des questions ? \nContactez-nous\u00a0!<\/span><\/h2><div class=\"sc_item_descr sc_title_descr\"><p>Adipiscing elit, sed do eiusmod tempor incididunt ut labore et dolore magna aliqua. Ut enim ad minim.<\/p>\n<\/div><\/div>\t\t\t\t<\/div>\n\t\t\t\t<\/div>\n\t\t\t\t<div class=\"elementor-element elementor-element-6d441a04 sc_fly_static elementor-widget elementor-widget-spacer\" data-id=\"6d441a04\" data-element_type=\"widget\" data-e-type=\"widget\" data-widget_type=\"spacer.default\">\n\t\t\t\t<div class=\"elementor-widget-container\">\n\t\t\t\t\t\t\t<div class=\"elementor-spacer\">\n\t\t\t<div class=\"elementor-spacer-inner\"><\/div>\n\t\t<\/div>\n\t\t\t\t\t\t<\/div>\n\t\t\t\t<\/div>\n\t\t\t\t<div class=\"elementor-element elementor-element-782336ae sc_fly_static elementor-widget elementor-widget-trx_sc_icons\" data-id=\"782336ae\" data-element_type=\"widget\" data-e-type=\"widget\" data-widget_type=\"trx_sc_icons.default\">\n\t\t\t\t<div class=\"elementor-widget-container\">\n\t\t\t\t\t<div \tclass=\"sc_icons sc_icons_simple sc_icons_size_small sc_align_none\" ><div class=\"sc_icons_item with_more\"><div class=\"sc_icons_icon sc_icon_type_ icon-marker\" ><span class=\"sc_icon_type_ icon-marker\"><\/span><\/div><div class=\"sc_icons_item_details\"><div class=\"sc_icons_item_description\"><span>Maroc \u2014 RUE 14 AMAL 2 IMM N\u00b02 ETAGE 3 N\u00b08, SIDI BERNOUSSI \u2013 CASABLANCA<\/span><\/div><\/div><\/div><div class=\"sc_icons_item sc_icons_item_linked with_more\"><div class=\"sc_icons_icon sc_icon_type_ icon-iphone\" ><span class=\"sc_icon_type_ icon-iphone\"><\/span><\/div><div class=\"sc_icons_item_details\"><a href=\"tel:00212601121588\" class=\"sc_icons_item_more_link\">\n                        <span class=\"link_text\">00212 601 121 588<\/span><span class=\"link_icon\"><\/span>\n                        <\/a><a href=\"tel:00212601121588\"\n                        class=\"sc_icons_item_link\">\n                        <\/a><\/div><\/div><div class=\"sc_icons_item with_more\"><div class=\"sc_icons_icon sc_icon_type_ icon-envelope-2\" ><span class=\"sc_icon_type_ icon-envelope-2\"><\/span><\/div><div class=\"sc_icons_item_details\"><div class=\"sc_icons_item_description\"><span><a href=\"mailto:info@youssef-marrah.com\">info@yousef-marrah.com<\/a><\/span><\/div><\/div><\/div><\/div><!-- \/.sc_icons -->\t\t\t\t<\/div>\n\t\t\t\t<\/div>\n\t\t\t\t\t<\/div>\n\t\t<\/div>\n\t\t\t\t<div class=\"elementor-column elementor-col-50 elementor-inner-column elementor-element elementor-element-5938bc76 sc_content_align_inherit sc_layouts_column_icons_position_left sc_fly_static\" data-id=\"5938bc76\" data-element_type=\"column\" data-e-type=\"column\">\n\t\t\t<div class=\"elementor-widget-wrap elementor-element-populated\">\n\t\t\t\t\t\t<div class=\"elementor-element elementor-element-2f481618 sc_fly_static elementor-widget elementor-widget-spacer\" data-id=\"2f481618\" data-element_type=\"widget\" data-e-type=\"widget\" data-widget_type=\"spacer.default\">\n\t\t\t\t<div class=\"elementor-widget-container\">\n\t\t\t\t\t\t\t<div class=\"elementor-spacer\">\n\t\t\t<div class=\"elementor-spacer-inner\"><\/div>\n\t\t<\/div>\n\t\t\t\t\t\t<\/div>\n\t\t\t\t<\/div>\n\t\t\t\t<div class=\"elementor-element elementor-element-43175e93 sc_fly_static elementor-widget elementor-widget-trx_sc_contact_form_7\" data-id=\"43175e93\" data-element_type=\"widget\" data-e-type=\"widget\" data-widget_type=\"trx_sc_contact_form_7.default\">\n\t\t\t\t<div class=\"elementor-widget-container\">\n\t\t\t\t\t\n<div class=\"wpcf7 no-js\" id=\"wpcf7-f5-o1\" lang=\"en-US\" dir=\"ltr\" data-wpcf7-id=\"5\">\n<div class=\"screen-reader-response\"><p role=\"status\" aria-live=\"polite\" aria-atomic=\"true\"><\/p> <ul><\/ul><\/div>\n<form action=\"\/index.php?rest_route=%2Fwp%2Fv2%2Fpages%2F1453#wpcf7-f5-o1\" method=\"post\" class=\"wpcf7-form init\" aria-label=\"Contact form\" novalidate=\"novalidate\" data-status=\"init\">\n<fieldset class=\"hidden-fields-container\"><input type=\"hidden\" name=\"_wpcf7\" value=\"5\" \/><input type=\"hidden\" name=\"_wpcf7_version\" value=\"6.1.5\" \/><input type=\"hidden\" name=\"_wpcf7_locale\" value=\"en_US\" \/><input type=\"hidden\" name=\"_wpcf7_unit_tag\" value=\"wpcf7-f5-o1\" \/><input type=\"hidden\" name=\"_wpcf7_container_post\" value=\"0\" \/><input type=\"hidden\" name=\"_wpcf7_posted_data_hash\" value=\"\" \/>\n<\/fieldset>\n<div class=\"wpcf7-turnstile cf-turnstile\" data-sitekey=\"0x4AAAAAACp5LVnLoWWFBcEN\" data-response-field-name=\"_wpcf7_turnstile_response\"><\/div>\n\n<div class=\"form-style-1\">\n\t<div class=\"columns_wrap\">\n\t\t<div class=\"column-1_2\">\n\t\t\t<p><span class=\"style-line icon-name\"><span class=\"wpcf7-form-control-wrap\" data-name=\"your-name\"><input size=\"40\" maxlength=\"400\" class=\"wpcf7-form-control wpcf7-text wpcf7-validates-as-required\" aria-required=\"true\" aria-invalid=\"false\" placeholder=\"Nom\" value=\"\" type=\"text\" name=\"your-name\" \/><\/span><\/span>\n\t\t\t<\/p>\n\t\t<\/div>\n\t\t<div class=\"column-1_2\">\n\t\t\t<p><span class=\"style-line icon-email\"><span class=\"wpcf7-form-control-wrap\" data-name=\"your-email\"><input size=\"40\" maxlength=\"400\" class=\"wpcf7-form-control wpcf7-email wpcf7-validates-as-required wpcf7-text wpcf7-validates-as-email\" aria-required=\"true\" aria-invalid=\"false\" placeholder=\"E-mail\" value=\"\" type=\"email\" name=\"your-email\" \/><\/span><\/span>\n\t\t\t<\/p>\n\t\t<\/div>\n\t<\/div>\n\t<div class=\"columns_wrap\">\n\t\t<div class=\"column-1_2\">\n\t\t\t<p><span class=\"style-line icon-phone\"><span class=\"wpcf7-form-control-wrap\" data-name=\"phone\"><input size=\"40\" maxlength=\"400\" class=\"wpcf7-form-control wpcf7-tel wpcf7-validates-as-required wpcf7-text wpcf7-validates-as-tel\" aria-required=\"true\" aria-invalid=\"false\" placeholder=\"T\u00e9l\u00e9phone\" value=\"\" type=\"tel\" name=\"phone\" \/><\/span><\/span>\n\t\t\t<\/p>\n\t\t<\/div>\n\t\t<div class=\"column-1_2\">\n\t\t\t<p><span class=\"style-line icon-subject\"><span class=\"wpcf7-form-control-wrap\" data-name=\"subject\"><input size=\"40\" maxlength=\"400\" class=\"wpcf7-form-control wpcf7-text wpcf7-validates-as-required\" aria-required=\"true\" aria-invalid=\"false\" placeholder=\"Sujet\" value=\"\" type=\"text\" name=\"subject\" \/><\/span><\/span>\n\t\t\t<\/p>\n\t\t<\/div>\n\t<\/div>\n\t<div class=\"columns_wrap margin-bottom\">\n\t\t<div class=\"column-1_1\">\n\t\t\t<p><span class=\"style-line icon-textarea\"><span class=\"wpcf7-form-control-wrap\" data-name=\"your-message\"><textarea cols=\"40\" rows=\"10\" maxlength=\"2000\" class=\"wpcf7-form-control wpcf7-textarea wpcf7-validates-as-required\" aria-required=\"true\" aria-invalid=\"false\" placeholder=\"Comment pouvons-nous vous aider ? N&#039;h\u00e9sitez pas \u00e0 nous contacter !\" name=\"your-message\"><\/textarea><\/span><\/span>\n\t\t\t<\/p>\n\t\t<\/div>\n\t<\/div>\n\t<p><input class=\"wpcf7-form-control wpcf7-submit has-spinner\" type=\"submit\" value=\"Entrer en contact\" \/><span class=\"wpcf7-form-control-wrap\" data-name=\"acceptance\"><span class=\"wpcf7-form-control wpcf7-acceptance\"><span class=\"wpcf7-list-item\"><label><input type=\"checkbox\" name=\"acceptance\" value=\"1\" aria-invalid=\"false\" \/><span class=\"wpcf7-list-item-label\">J'accepte que mes donn\u00e9es soient <a href=\"\/politique-de-confidentialite\/\">collect\u00e9es et stock\u00e9es<\/a>.<\/span><\/label><\/span><\/span><\/span>\n\t<\/p>\n<\/div><div class=\"wpcf7-response-output\" aria-hidden=\"true\"><\/div>\n<\/form>\n<\/div>\n\t\t\t\t<\/div>\n\t\t\t\t<\/div>\n\t\t\t\t\t<\/div>\n\t\t<\/div>\n\t\t\t\t\t<\/div>\n\t\t<\/section>\n\t\t\t\t<div class=\"elementor-element elementor-element-21c7af91 sc_height_huge sc_fly_static elementor-widget elementor-widget-spacer\" data-id=\"21c7af91\" data-element_type=\"widget\" data-e-type=\"widget\" data-widget_type=\"spacer.default\">\n\t\t\t\t<div class=\"elementor-widget-container\">\n\t\t\t\t\t\t\t<div class=\"elementor-spacer\">\n\t\t\t<div class=\"elementor-spacer-inner\"><\/div>\n\t\t<\/div>\n\t\t\t\t\t\t<\/div>\n\t\t\t\t<\/div>\n\t\t\t\t\t<\/div>\n\t\t<\/div>\n\t\t\t\t\t<\/div>\n\t\t<\/section>\n\t\t\t\t<section class=\"elementor-section elementor-top-section elementor-element elementor-element-b35b84a elementor-section-stretched elementor-section-full_width elementor-section-height-default elementor-section-height-default sc_fly_static\" data-id=\"b35b84a\" data-element_type=\"section\" data-e-type=\"section\" data-settings=\"{&quot;stretch_section&quot;:&quot;section-stretched&quot;,&quot;background_background&quot;:&quot;classic&quot;}\">\n\t\t\t\t\t\t<div class=\"elementor-container elementor-column-gap-no\">\n\t\t\t\t\t<div class=\"elementor-column elementor-col-100 elementor-top-column elementor-element elementor-element-d92b45a sc_content_align_inherit sc_layouts_column_icons_position_left sc_fly_static\" data-id=\"d92b45a\" data-element_type=\"column\" data-e-type=\"column\">\n\t\t\t<div class=\"elementor-widget-wrap elementor-element-populated\">\n\t\t\t\t\t\t<div class=\"elementor-element elementor-element-0a4c225 sc_fly_static elementor-widget elementor-widget-trx_sc_googlemap\" data-id=\"0a4c225\" data-element_type=\"widget\" data-e-type=\"widget\" data-widget_type=\"trx_sc_googlemap.default\">\n\t\t\t\t<div class=\"elementor-widget-container\">\n\t\t\t\t\t<div id=\"sc_googlemap_1537907519_wrap\" class=\"sc_googlemap_wrap\"><div id=\"sc_googlemap_1537907519\"\t\t\tclass=\"sc_item_content sc_map sc_googlemap sc_googlemap_default trx_addons_inline_2019807126\"\n\t\t\t \t\t\tdata-zoom=\"12\"\n\t\t\tdata-center=\"\"\n\t\t\tdata-style=\"simple\"\n\t\t\tdata-map-id=\"\"\n\t\t\tdata-cluster-icon=\"\"\n\t\t\t><iframe\n\t\t\t\t\t\tsrc=\"https:\/\/maps.google.com\/maps?t=m&output=embed&iwloc=near&z=12&q=33.5970071%2C-7.6006859\"\n\t\t\t\t\t\taria-label=\"\"><\/iframe><\/div><\/div>\t\t\t\t<\/div>\n\t\t\t\t<\/div>\n\t\t\t\t\t<\/div>\n\t\t<\/div>\n\t\t\t\t\t<\/div>\n\t\t<\/section>\n\t\t\t\t<\/div>\n\t\t","protected":false},"excerpt":{"rendered":"<p>Contactez-nous Vous avez des questions ? Contactez-nous\u00a0! Adipiscing elit, sed do eiusmod tempor incididunt ut labore et dolore magna aliqua. Ut enim ad minim. Maroc \u2014 RUE 14 AMAL 2&hellip;<\/p>\n","protected":false},"author":1,"featured_media":0,"parent":0,"menu_order":0,"comment_status":"closed","ping_status":"open","template":"","meta":{"footnotes":""},"class_list":["post-1453","page","type-page","status-publish","hentry"],"yoast_head":"<!-- This site is optimized with the Yoast SEO plugin v27.4 - https:\/\/yoast.com\/product\/yoast-seo-wordpress\/ -->\n<title>Contactez-nous - Youssef Marrah<\/title>\n<meta name=\"description\" content=\"Contactez-nous Vous avez des questions ? Contactez-nous\u00a0! Adipiscing elit, sed do eiusmod tempor incididunt ut labore et dolore magna aliqua. Ut enim ad minim. Maroc \u2014 RUE 14 AMAL 2&hellip;\" \/>\n<meta name=\"robots\" content=\"index, follow, max-snippet:-1, max-image-preview:large, max-video-preview:-1\" \/>\n<link rel=\"canonical\" href=\"https:\/\/youssef-marrah.com\/?page_id=1453\" \/>\n<meta property=\"og:locale\" content=\"fr_FR\" \/>\n<meta property=\"og:type\" content=\"article\" \/>\n<meta property=\"og:title\" content=\"Contactez-nous - Youssef Marrah\" \/>\n<meta property=\"og:description\" content=\"Contactez-nous Vous avez des questions ? Contactez-nous\u00a0! Adipiscing elit, sed do eiusmod tempor incididunt ut labore et dolore magna aliqua. Ut enim ad minim. Maroc \u2014 RUE 14 AMAL 2&hellip;\" \/>\n<meta property=\"og:url\" content=\"https:\/\/youssef-marrah.com\/?page_id=1453\" \/>\n<meta property=\"og:site_name\" content=\"Youssef Marrah\" \/>\n<meta property=\"article:modified_time\" content=\"2026-05-07T13:56:36+00:00\" \/>\n<meta name=\"twitter:card\" content=\"summary_large_image\" \/>\n<meta name=\"twitter:label1\" content=\"Dur\u00e9e de lecture estim\u00e9e\" \/>\n\t<meta name=\"twitter:data1\" content=\"1 minute\" \/>\n<script type=\"application\/ld+json\" class=\"yoast-schema-graph\">{\"@context\":\"https:\\\/\\\/schema.org\",\"@graph\":[{\"@type\":\"WebPage\",\"@id\":\"https:\\\/\\\/youssef-marrah.com\\\/?page_id=1453\",\"url\":\"https:\\\/\\\/youssef-marrah.com\\\/?page_id=1453\",\"name\":\"Contactez-nous - Youssef Marrah\",\"isPartOf\":{\"@id\":\"https:\\\/\\\/youssef-marrah.com\\\/#website\"},\"datePublished\":\"2020-04-30T11:12:41+00:00\",\"dateModified\":\"2026-05-07T13:56:36+00:00\",\"breadcrumb\":{\"@id\":\"https:\\\/\\\/youssef-marrah.com\\\/?page_id=1453#breadcrumb\"},\"inLanguage\":\"fr-FR\",\"potentialAction\":[{\"@type\":\"ReadAction\",\"target\":[\"https:\\\/\\\/youssef-marrah.com\\\/?page_id=1453\"]}]},{\"@type\":\"BreadcrumbList\",\"@id\":\"https:\\\/\\\/youssef-marrah.com\\\/?page_id=1453#breadcrumb\",\"itemListElement\":[{\"@type\":\"ListItem\",\"position\":1,\"name\":\"Home\",\"item\":\"https:\\\/\\\/youssef-marrah.com\\\/\"},{\"@type\":\"ListItem\",\"position\":2,\"name\":\"Contactez-nous\"}]},{\"@type\":\"WebSite\",\"@id\":\"https:\\\/\\\/youssef-marrah.com\\\/#website\",\"url\":\"https:\\\/\\\/youssef-marrah.com\\\/\",\"name\":\"Youssef Marrah\",\"description\":\"Le bon manager de la production\",\"publisher\":{\"@id\":\"https:\\\/\\\/youssef-marrah.com\\\/#organization\"},\"potentialAction\":[{\"@type\":\"SearchAction\",\"target\":{\"@type\":\"EntryPoint\",\"urlTemplate\":\"https:\\\/\\\/youssef-marrah.com\\\/?s={search_term_string}\"},\"query-input\":{\"@type\":\"PropertyValueSpecification\",\"valueRequired\":true,\"valueName\":\"search_term_string\"}}],\"inLanguage\":\"fr-FR\"},{\"@type\":\"Organization\",\"@id\":\"https:\\\/\\\/youssef-marrah.com\\\/#organization\",\"name\":\"Youssef Marrah\",\"url\":\"https:\\\/\\\/youssef-marrah.com\\\/\",\"logo\":{\"@type\":\"ImageObject\",\"inLanguage\":\"fr-FR\",\"@id\":\"https:\\\/\\\/youssef-marrah.com\\\/#\\\/schema\\\/logo\\\/image\\\/\",\"url\":\"https:\\\/\\\/youssef-marrah.com\\\/wp-content\\\/uploads\\\/2020\\\/06\\\/cropped-Dark-Purple-Modern-Letter-M-Logo-500-X-250-Px-1-Edited-1.png\",\"contentUrl\":\"https:\\\/\\\/youssef-marrah.com\\\/wp-content\\\/uploads\\\/2020\\\/06\\\/cropped-Dark-Purple-Modern-Letter-M-Logo-500-X-250-Px-1-Edited-1.png\",\"width\":330,\"height\":236,\"caption\":\"Youssef Marrah\"},\"image\":{\"@id\":\"https:\\\/\\\/youssef-marrah.com\\\/#\\\/schema\\\/logo\\\/image\\\/\"}}]}<\/script>\n<!-- \/ Yoast SEO plugin. -->","yoast_head_json":{"title":"Contactez-nous - Youssef Marrah","description":"Contactez-nous Vous avez des questions ? Contactez-nous\u00a0! Adipiscing elit, sed do eiusmod tempor incididunt ut labore et dolore magna aliqua. Ut enim ad minim. Maroc \u2014 RUE 14 AMAL 2&hellip;","robots":{"index":"index","follow":"follow","max-snippet":"max-snippet:-1","max-image-preview":"max-image-preview:large","max-video-preview":"max-video-preview:-1"},"canonical":"https:\/\/youssef-marrah.com\/?page_id=1453","og_locale":"fr_FR","og_type":"article","og_title":"Contactez-nous - Youssef Marrah","og_description":"Contactez-nous Vous avez des questions ? Contactez-nous\u00a0! Adipiscing elit, sed do eiusmod tempor incididunt ut labore et dolore magna aliqua. Ut enim ad minim. Maroc \u2014 RUE 14 AMAL 2&hellip;","og_url":"https:\/\/youssef-marrah.com\/?page_id=1453","og_site_name":"Youssef Marrah","article_modified_time":"2026-05-07T13:56:36+00:00","twitter_card":"summary_large_image","twitter_misc":{"Dur\u00e9e de lecture estim\u00e9e":"1 minute"},"schema":{"@context":"https:\/\/schema.org","@graph":[{"@type":"WebPage","@id":"https:\/\/youssef-marrah.com\/?page_id=1453","url":"https:\/\/youssef-marrah.com\/?page_id=1453","name":"Contactez-nous - Youssef Marrah","isPartOf":{"@id":"https:\/\/youssef-marrah.com\/#website"},"datePublished":"2020-04-30T11:12:41+00:00","dateModified":"2026-05-07T13:56:36+00:00","breadcrumb":{"@id":"https:\/\/youssef-marrah.com\/?page_id=1453#breadcrumb"},"inLanguage":"fr-FR","potentialAction":[{"@type":"ReadAction","target":["https:\/\/youssef-marrah.com\/?page_id=1453"]}]},{"@type":"BreadcrumbList","@id":"https:\/\/youssef-marrah.com\/?page_id=1453#breadcrumb","itemListElement":[{"@type":"ListItem","position":1,"name":"Home","item":"https:\/\/youssef-marrah.com\/"},{"@type":"ListItem","position":2,"name":"Contactez-nous"}]},{"@type":"WebSite","@id":"https:\/\/youssef-marrah.com\/#website","url":"https:\/\/youssef-marrah.com\/","name":"Youssef Marrah","description":"Le bon manager de la production","publisher":{"@id":"https:\/\/youssef-marrah.com\/#organization"},"potentialAction":[{"@type":"SearchAction","target":{"@type":"EntryPoint","urlTemplate":"https:\/\/youssef-marrah.com\/?s={search_term_string}"},"query-input":{"@type":"PropertyValueSpecification","valueRequired":true,"valueName":"search_term_string"}}],"inLanguage":"fr-FR"},{"@type":"Organization","@id":"https:\/\/youssef-marrah.com\/#organization","name":"Youssef Marrah","url":"https:\/\/youssef-marrah.com\/","logo":{"@type":"ImageObject","inLanguage":"fr-FR","@id":"https:\/\/youssef-marrah.com\/#\/schema\/logo\/image\/","url":"https:\/\/youssef-marrah.com\/wp-content\/uploads\/2020\/06\/cropped-Dark-Purple-Modern-Letter-M-Logo-500-X-250-Px-1-Edited-1.png","contentUrl":"https:\/\/youssef-marrah.com\/wp-content\/uploads\/2020\/06\/cropped-Dark-Purple-Modern-Letter-M-Logo-500-X-250-Px-1-Edited-1.png","width":330,"height":236,"caption":"Youssef Marrah"},"image":{"@id":"https:\/\/youssef-marrah.com\/#\/schema\/logo\/image\/"}}]}},"_links":{"self":[{"href":"https:\/\/youssef-marrah.com\/index.php?rest_route=\/wp\/v2\/pages\/1453","targetHints":{"allow":["GET"]}}],"collection":[{"href":"https:\/\/youssef-marrah.com\/index.php?rest_route=\/wp\/v2\/pages"}],"about":[{"href":"https:\/\/youssef-marrah.com\/index.php?rest_route=\/wp\/v2\/types\/page"}],"author":[{"embeddable":true,"href":"https:\/\/youssef-marrah.com\/index.php?rest_route=\/wp\/v2\/users\/1"}],"replies":[{"embeddable":true,"href":"https:\/\/youssef-marrah.com\/index.php?rest_route=%2Fwp%2Fv2%2Fcomments&post=1453"}],"version-history":[{"count":9,"href":"https:\/\/youssef-marrah.com\/index.php?rest_route=\/wp\/v2\/pages\/1453\/revisions"}],"predecessor-version":[{"id":21965,"href":"https:\/\/youssef-marrah.com\/index.php?rest_route=\/wp\/v2\/pages\/1453\/revisions\/21965"}],"wp:attachment":[{"href":"https:\/\/youssef-marrah.com\/index.php?rest_route=%2Fwp%2Fv2%2Fmedia&parent=1453"}],"curies":[{"name":"wp","href":"https:\/\/api.w.org\/{rel}","templated":true}]}}