{"id":21501,"date":"2024-02-03T15:42:46","date_gmt":"2024-02-03T14:42:46","guid":{"rendered":"https:\/\/youssef-marrah.com\/?post_type=product&#038;p=21501"},"modified":"2026-03-14T01:04:34","modified_gmt":"2026-03-14T00:04:34","slug":"livre-le-bon-manager-de-la-production-algerie","status":"publish","type":"product","link":"https:\/\/youssef-marrah.com\/?product=livre-le-bon-manager-de-la-production-algerie","title":{"rendered":"Livre : Le Bon Manager de la Production (Alg\u00e9rie)"},"content":{"rendered":"<p>L&rsquo;offre englobe Le livre + L&rsquo;assistance technique + Support informatique<span class=\"fr-emoticon fr-deletable fr-emoticon-img\">\u00a0<\/span><\/p>\n<p><u>Modules et th\u00e8mes du livre :\u00a0<\/u><\/p>\n<ul>\n<li>INTRODUCTION GENERALE.<\/li>\n<li>CHAPITRE 1 : \u00a0LE MANAGEMENT DE LA PRODUCTION<\/li>\n<li>Chapitre \u00a0 2 \u00a0: LA FONCTION ETUDES<\/li>\n<li>CHAPITRE 3 : LA FONCTION METHODES<\/li>\n<li>CHAPITRE 4 : LA FONCTION PLANIFICATION<\/li>\n<li>CHAPITRE 5 : LA FONCTION GESTION DES STOCKS<\/li>\n<li>CHAPITRE 6 : LA FONCTION GESTION OPERATIONNELLE<\/li>\n<li>CHAPITRE 7 : LA FONCTION CONTR\u00d6LE QUALITE<\/li>\n<li>CHAPITRE 8 : LA FONCTION GESTION DU PERSONNEL<\/li>\n<li>CHAPITRE 9 : LA FONCTION MAINTENANCE<\/li>\n<li>CHAPITRE 10 : LE TABLEAU DE BORD ET LES KPI<\/li>\n<li>CHAPITRE 11 : METHODES D&rsquo;AMELIORATION<\/li>\n<li>CHAPITRE 12 : GUIDE DU MANAGER PRODUCTION<\/li>\n<\/ul>\n<p><span style=\"color: #1d1d1d; font-family: span, serif; font-size: 35.003px;\">Mot d&rsquo;auteur :<\/span><\/p>\n<blockquote><p>Qui vous \u00eates, un Manager ou un superviseur ??<\/p>\n<p>Malheureusement dans nos jours, nous rencontrons des responsables de production qui ont beaucoup plus un esprit de superviseur qu&rsquo;un esprit de manager, la chose qui p\u00e9nalise le service et l&rsquo;entreprise, et qui rend leurs missions difficiles voire impossible.<\/p>\n<p>Tout le monde peut superviser, mais peu de gens peuvent arriver au stade de Manager ou celui du LEADER, \u00e0 travers ce livre, je vous aiderai \u00e0 sortir du cadre standard de la supervision \u00e0 l&rsquo;univers de l&rsquo;art du management, je vous mettrai sur les raies des managers en vous donnant les bases \u00e0 avoir et les techniques \u00e0 utiliser pour devenir un bon manager du service production.<\/p>\n<p>La maintenance est une fonction critique, il se peut qu&rsquo;elle soit une cl\u00e9 de r\u00e9ussite pour l&rsquo;entreprise ou bien une charge qui la p\u00e9nalise, tout d\u00e9pend de la personne qui la g\u00e8re, alors c&rsquo;est \u00e0 vous de choisir !! Restez un responsable superviseur ou bien Devenir un bon MANAGER !!<\/p>\n<p>Dans ce livre, je vous ai donn\u00e9 les cl\u00e9s que vous aurez besoin pour r\u00e9ussir dans votre mission. C&rsquo;est \u00e0 vous maintenant de choisir la bonne cl\u00e9 pour la bonne porte et dans le bon moment.<\/p>\n<p>Youssef MARRAH<\/p><\/blockquote>\n","protected":false},"excerpt":{"rendered":"<div class=\"elementor-element elementor-element-1220c61 sc_fly_static elementor-widget elementor-widget-toggle trx_addons_parallax_layers_inited trx_addons_parallax_blocks_inited\" data-id=\"1220c61\" data-element_type=\"widget\" data-widget_type=\"toggle.default\">\n<div class=\"elementor-widget-container\">\n<div class=\"elementor-toggle\">\n<div class=\"elementor-toggle-item\">\n<h5 id=\"elementor-tab-title-1901\" class=\"elementor-tab-title\" role=\"button\" data-tab=\"1\" aria-controls=\"elementor-tab-content-1901\" aria-expanded=\"false\"><i class=\"fas fa-plus\"><\/i> <i class=\"elementor-toggle-icon-opened fas fa-minus\"><\/i> <a class=\"elementor-toggle-title\" tabindex=\"0\">\u00cates-vous un simple superviseur ou un v\u00e9ritable manager de la production ?<\/a><\/h5>\n<div id=\"elementor-tab-content-1901\" class=\"elementor-tab-content elementor-clearfix\" role=\"region\" data-tab=\"1\" aria-labelledby=\"elementor-tab-title-1901\">\n<p>La production est au c\u0153ur de la performance industrielle. Lorsqu\u2019elle est bien pilot\u00e9e, elle devient un v\u00e9ritable levier de productivit\u00e9, de qualit\u00e9 et de comp\u00e9titivit\u00e9. Mais lorsqu\u2019elle est mal g\u00e9r\u00e9e, elle peut rapidement g\u00e9n\u00e9rer d\u00e9sorganisation, pertes et inefficacit\u00e9.<\/p>\n<p>\u00c0 travers ce livre, Youssef MARRAH vous accompagne pour d\u00e9passer la simple supervision et adopter la posture, la vision et les m\u00e9thodes d\u2019un vrai manager de la production. Vous y d\u00e9couvrirez les bases essentielles, les bonnes pratiques et les cl\u00e9s concr\u00e8tes pour mieux g\u00e9rer votre service, vos \u00e9quipes et vos priorit\u00e9s.<\/p>\n<p>Un livre pratique et utile pour toute personne souhaitant r\u00e9ussir sa mission et devenir un manager de production plus efficace, structur\u00e9 et impactant.<\/p>\n<\/div>\n<\/div>\n<\/div>\n<\/div>\n<\/div>\n","protected":false},"featured_media":21696,"template":"","meta":[],"product_brand":[],"product_cat":[196],"product_tag":[],"class_list":{"0":"post-21501","1":"product","2":"type-product","3":"status-publish","4":"has-post-thumbnail","6":"product_cat-livre","8":"first","9":"instock","10":"sale","11":"shipping-taxable","12":"purchasable","13":"product-type-simple"},"yoast_head":"<!-- This site is optimized with the Yoast SEO plugin v27.4 - https:\/\/yoast.com\/product\/yoast-seo-wordpress\/ -->\n<title>Livre : Le Bon Manager de la Production (Alg\u00e9rie) - Youssef Marrah<\/title>\n<meta name=\"description\" content=\"\u00cates-vous un simple superviseur ou un v\u00e9ritable manager de la production ?\r\n\r\n\r\nLa production est au c\u0153ur de la performance industrielle. Lorsqu\u2019elle est bien pilot\u00e9e, elle devient un v\u00e9ritable levier de productivit\u00e9, de qualit\u00e9 et de comp\u00e9titivit\u00e9. Mais lorsqu\u2019elle est mal g\u00e9r\u00e9e, elle peut rapidement g\u00e9n\u00e9rer d\u00e9sorganisation, pertes et inefficacit\u00e9.\r\n\r\n\u00c0 travers ce livre, Youssef MARRAH vous accompagne pour d\u00e9passer la simple supervision et adopter la posture, la vision et les m\u00e9thodes d\u2019un vrai manager de la production. Vous y d\u00e9couvrirez les bases essentielles, les bonnes pratiques et les cl\u00e9s concr\u00e8tes pour mieux g\u00e9rer votre service, vos \u00e9quipes et vos priorit\u00e9s.\r\n\r\nUn livre pratique et utile pour toute personne souhaitant r\u00e9ussir sa mission et devenir un manager de production plus efficace, structur\u00e9 et impactant.\" \/>\n<meta name=\"robots\" content=\"index, follow, max-snippet:-1, max-image-preview:large, max-video-preview:-1\" \/>\n<link rel=\"canonical\" href=\"https:\/\/youssef-marrah.com\/?product=livre-le-bon-manager-de-la-production-algerie\" \/>\n<meta property=\"og:locale\" content=\"fr_FR\" \/>\n<meta property=\"og:type\" content=\"article\" \/>\n<meta property=\"og:title\" content=\"Livre : Le Bon Manager de la Production (Alg\u00e9rie) - Youssef Marrah\" \/>\n<meta property=\"og:description\" content=\"\u00cates-vous un simple superviseur ou un v\u00e9ritable manager de la production ?   La production est au c\u0153ur de la performance industrielle. Lorsqu\u2019elle est bien pilot\u00e9e, elle devient un v\u00e9ritable levier de productivit\u00e9, de qualit\u00e9 et de comp\u00e9titivit\u00e9. Mais lorsqu\u2019elle est mal g\u00e9r\u00e9e, elle peut rapidement g\u00e9n\u00e9rer d\u00e9sorganisation, pertes et inefficacit\u00e9.  \u00c0 travers ce livre, Youssef MARRAH vous accompagne pour d\u00e9passer la simple supervision et adopter la posture, la vision et les m\u00e9thodes d\u2019un vrai manager de la production. Vous y d\u00e9couvrirez les bases essentielles, les bonnes pratiques et les cl\u00e9s concr\u00e8tes pour mieux g\u00e9rer votre service, vos \u00e9quipes et vos priorit\u00e9s.  Un livre pratique et utile pour toute personne souhaitant r\u00e9ussir sa mission et devenir un manager de production plus efficace, structur\u00e9 et impactant.\" \/>\n<meta property=\"og:url\" content=\"https:\/\/youssef-marrah.com\/?product=livre-le-bon-manager-de-la-production-algerie\" \/>\n<meta property=\"og:site_name\" content=\"Youssef Marrah\" \/>\n<meta property=\"article:modified_time\" content=\"2026-03-14T00:04:34+00:00\" \/>\n<meta property=\"og:image\" content=\"https:\/\/youssef-marrah.com\/wp-content\/uploads\/2024\/02\/Production-1-1.png\" \/>\n\t<meta property=\"og:image:width\" content=\"1024\" \/>\n\t<meta property=\"og:image:height\" content=\"1024\" \/>\n\t<meta property=\"og:image:type\" content=\"image\/png\" \/>\n<meta name=\"twitter:card\" content=\"summary_large_image\" \/>\n<meta name=\"twitter:label1\" content=\"Dur\u00e9e de lecture estim\u00e9e\" \/>\n\t<meta name=\"twitter:data1\" content=\"1 minute\" \/>\n<script type=\"application\/ld+json\" class=\"yoast-schema-graph\">{\"@context\":\"https:\\\/\\\/schema.org\",\"@graph\":[{\"@type\":\"WebPage\",\"@id\":\"https:\\\/\\\/youssef-marrah.com\\\/?product=livre-le-bon-manager-de-la-production-algerie\",\"url\":\"https:\\\/\\\/youssef-marrah.com\\\/?product=livre-le-bon-manager-de-la-production-algerie\",\"name\":\"Livre : Le Bon Manager de la Production (Alg\u00e9rie) - Youssef Marrah\",\"isPartOf\":{\"@id\":\"https:\\\/\\\/youssef-marrah.com\\\/#website\"},\"primaryImageOfPage\":{\"@id\":\"https:\\\/\\\/youssef-marrah.com\\\/?product=livre-le-bon-manager-de-la-production-algerie#primaryimage\"},\"image\":{\"@id\":\"https:\\\/\\\/youssef-marrah.com\\\/?product=livre-le-bon-manager-de-la-production-algerie#primaryimage\"},\"thumbnailUrl\":\"https:\\\/\\\/youssef-marrah.com\\\/wp-content\\\/uploads\\\/2024\\\/02\\\/Production-1-1.png\",\"datePublished\":\"2024-02-03T14:42:46+00:00\",\"dateModified\":\"2026-03-14T00:04:34+00:00\",\"breadcrumb\":{\"@id\":\"https:\\\/\\\/youssef-marrah.com\\\/?product=livre-le-bon-manager-de-la-production-algerie#breadcrumb\"},\"inLanguage\":\"fr-FR\",\"potentialAction\":[{\"@type\":\"ReadAction\",\"target\":[\"https:\\\/\\\/youssef-marrah.com\\\/?product=livre-le-bon-manager-de-la-production-algerie\"]}]},{\"@type\":\"ImageObject\",\"inLanguage\":\"fr-FR\",\"@id\":\"https:\\\/\\\/youssef-marrah.com\\\/?product=livre-le-bon-manager-de-la-production-algerie#primaryimage\",\"url\":\"https:\\\/\\\/youssef-marrah.com\\\/wp-content\\\/uploads\\\/2024\\\/02\\\/Production-1-1.png\",\"contentUrl\":\"https:\\\/\\\/youssef-marrah.com\\\/wp-content\\\/uploads\\\/2024\\\/02\\\/Production-1-1.png\",\"width\":1024,\"height\":1024},{\"@type\":\"BreadcrumbList\",\"@id\":\"https:\\\/\\\/youssef-marrah.com\\\/?product=livre-le-bon-manager-de-la-production-algerie#breadcrumb\",\"itemListElement\":[{\"@type\":\"ListItem\",\"position\":1,\"name\":\"Home\",\"item\":\"https:\\\/\\\/youssef-marrah.com\\\/\"},{\"@type\":\"ListItem\",\"position\":2,\"name\":\"Shop\",\"item\":\"https:\\\/\\\/youssef-marrah.com\\\/?page_id=18008\"},{\"@type\":\"ListItem\",\"position\":3,\"name\":\"Livre : Le Bon Manager de la Production (Alg\u00e9rie)\"}]},{\"@type\":\"WebSite\",\"@id\":\"https:\\\/\\\/youssef-marrah.com\\\/#website\",\"url\":\"https:\\\/\\\/youssef-marrah.com\\\/\",\"name\":\"Youssef Marrah\",\"description\":\"Le bon manager de la production\",\"publisher\":{\"@id\":\"https:\\\/\\\/youssef-marrah.com\\\/#organization\"},\"potentialAction\":[{\"@type\":\"SearchAction\",\"target\":{\"@type\":\"EntryPoint\",\"urlTemplate\":\"https:\\\/\\\/youssef-marrah.com\\\/?s={search_term_string}\"},\"query-input\":{\"@type\":\"PropertyValueSpecification\",\"valueRequired\":true,\"valueName\":\"search_term_string\"}}],\"inLanguage\":\"fr-FR\"},{\"@type\":\"Organization\",\"@id\":\"https:\\\/\\\/youssef-marrah.com\\\/#organization\",\"name\":\"Youssef Marrah\",\"url\":\"https:\\\/\\\/youssef-marrah.com\\\/\",\"logo\":{\"@type\":\"ImageObject\",\"inLanguage\":\"fr-FR\",\"@id\":\"https:\\\/\\\/youssef-marrah.com\\\/#\\\/schema\\\/logo\\\/image\\\/\",\"url\":\"https:\\\/\\\/youssef-marrah.com\\\/wp-content\\\/uploads\\\/2020\\\/06\\\/cropped-Dark-Purple-Modern-Letter-M-Logo-500-X-250-Px-1-Edited-1.png\",\"contentUrl\":\"https:\\\/\\\/youssef-marrah.com\\\/wp-content\\\/uploads\\\/2020\\\/06\\\/cropped-Dark-Purple-Modern-Letter-M-Logo-500-X-250-Px-1-Edited-1.png\",\"width\":330,\"height\":236,\"caption\":\"Youssef Marrah\"},\"image\":{\"@id\":\"https:\\\/\\\/youssef-marrah.com\\\/#\\\/schema\\\/logo\\\/image\\\/\"}}]}<\/script>\n<!-- \/ Yoast SEO plugin. -->","yoast_head_json":{"title":"Livre : Le Bon Manager de la Production (Alg\u00e9rie) - Youssef Marrah","description":"\u00cates-vous un simple superviseur ou un v\u00e9ritable manager de la production ?\r\n\r\n\r\nLa production est au c\u0153ur de la performance industrielle. Lorsqu\u2019elle est bien pilot\u00e9e, elle devient un v\u00e9ritable levier de productivit\u00e9, de qualit\u00e9 et de comp\u00e9titivit\u00e9. Mais lorsqu\u2019elle est mal g\u00e9r\u00e9e, elle peut rapidement g\u00e9n\u00e9rer d\u00e9sorganisation, pertes et inefficacit\u00e9.\r\n\r\n\u00c0 travers ce livre, Youssef MARRAH vous accompagne pour d\u00e9passer la simple supervision et adopter la posture, la vision et les m\u00e9thodes d\u2019un vrai manager de la production. Vous y d\u00e9couvrirez les bases essentielles, les bonnes pratiques et les cl\u00e9s concr\u00e8tes pour mieux g\u00e9rer votre service, vos \u00e9quipes et vos priorit\u00e9s.\r\n\r\nUn livre pratique et utile pour toute personne souhaitant r\u00e9ussir sa mission et devenir un manager de production plus efficace, structur\u00e9 et impactant.","robots":{"index":"index","follow":"follow","max-snippet":"max-snippet:-1","max-image-preview":"max-image-preview:large","max-video-preview":"max-video-preview:-1"},"canonical":"https:\/\/youssef-marrah.com\/?product=livre-le-bon-manager-de-la-production-algerie","og_locale":"fr_FR","og_type":"article","og_title":"Livre : Le Bon Manager de la Production (Alg\u00e9rie) - Youssef Marrah","og_description":"\u00cates-vous un simple superviseur ou un v\u00e9ritable manager de la production ?   La production est au c\u0153ur de la performance industrielle. Lorsqu\u2019elle est bien pilot\u00e9e, elle devient un v\u00e9ritable levier de productivit\u00e9, de qualit\u00e9 et de comp\u00e9titivit\u00e9. Mais lorsqu\u2019elle est mal g\u00e9r\u00e9e, elle peut rapidement g\u00e9n\u00e9rer d\u00e9sorganisation, pertes et inefficacit\u00e9.  \u00c0 travers ce livre, Youssef MARRAH vous accompagne pour d\u00e9passer la simple supervision et adopter la posture, la vision et les m\u00e9thodes d\u2019un vrai manager de la production. Vous y d\u00e9couvrirez les bases essentielles, les bonnes pratiques et les cl\u00e9s concr\u00e8tes pour mieux g\u00e9rer votre service, vos \u00e9quipes et vos priorit\u00e9s.  Un livre pratique et utile pour toute personne souhaitant r\u00e9ussir sa mission et devenir un manager de production plus efficace, structur\u00e9 et impactant.","og_url":"https:\/\/youssef-marrah.com\/?product=livre-le-bon-manager-de-la-production-algerie","og_site_name":"Youssef Marrah","article_modified_time":"2026-03-14T00:04:34+00:00","og_image":[{"width":1024,"height":1024,"url":"https:\/\/youssef-marrah.com\/wp-content\/uploads\/2024\/02\/Production-1-1.png","type":"image\/png"}],"twitter_card":"summary_large_image","twitter_misc":{"Dur\u00e9e de lecture estim\u00e9e":"1 minute"},"schema":{"@context":"https:\/\/schema.org","@graph":[{"@type":"WebPage","@id":"https:\/\/youssef-marrah.com\/?product=livre-le-bon-manager-de-la-production-algerie","url":"https:\/\/youssef-marrah.com\/?product=livre-le-bon-manager-de-la-production-algerie","name":"Livre : Le Bon Manager de la Production (Alg\u00e9rie) - Youssef Marrah","isPartOf":{"@id":"https:\/\/youssef-marrah.com\/#website"},"primaryImageOfPage":{"@id":"https:\/\/youssef-marrah.com\/?product=livre-le-bon-manager-de-la-production-algerie#primaryimage"},"image":{"@id":"https:\/\/youssef-marrah.com\/?product=livre-le-bon-manager-de-la-production-algerie#primaryimage"},"thumbnailUrl":"https:\/\/youssef-marrah.com\/wp-content\/uploads\/2024\/02\/Production-1-1.png","datePublished":"2024-02-03T14:42:46+00:00","dateModified":"2026-03-14T00:04:34+00:00","breadcrumb":{"@id":"https:\/\/youssef-marrah.com\/?product=livre-le-bon-manager-de-la-production-algerie#breadcrumb"},"inLanguage":"fr-FR","potentialAction":[{"@type":"ReadAction","target":["https:\/\/youssef-marrah.com\/?product=livre-le-bon-manager-de-la-production-algerie"]}]},{"@type":"ImageObject","inLanguage":"fr-FR","@id":"https:\/\/youssef-marrah.com\/?product=livre-le-bon-manager-de-la-production-algerie#primaryimage","url":"https:\/\/youssef-marrah.com\/wp-content\/uploads\/2024\/02\/Production-1-1.png","contentUrl":"https:\/\/youssef-marrah.com\/wp-content\/uploads\/2024\/02\/Production-1-1.png","width":1024,"height":1024},{"@type":"BreadcrumbList","@id":"https:\/\/youssef-marrah.com\/?product=livre-le-bon-manager-de-la-production-algerie#breadcrumb","itemListElement":[{"@type":"ListItem","position":1,"name":"Home","item":"https:\/\/youssef-marrah.com\/"},{"@type":"ListItem","position":2,"name":"Shop","item":"https:\/\/youssef-marrah.com\/?page_id=18008"},{"@type":"ListItem","position":3,"name":"Livre : Le Bon Manager de la Production (Alg\u00e9rie)"}]},{"@type":"WebSite","@id":"https:\/\/youssef-marrah.com\/#website","url":"https:\/\/youssef-marrah.com\/","name":"Youssef Marrah","description":"Le bon manager de la production","publisher":{"@id":"https:\/\/youssef-marrah.com\/#organization"},"potentialAction":[{"@type":"SearchAction","target":{"@type":"EntryPoint","urlTemplate":"https:\/\/youssef-marrah.com\/?s={search_term_string}"},"query-input":{"@type":"PropertyValueSpecification","valueRequired":true,"valueName":"search_term_string"}}],"inLanguage":"fr-FR"},{"@type":"Organization","@id":"https:\/\/youssef-marrah.com\/#organization","name":"Youssef Marrah","url":"https:\/\/youssef-marrah.com\/","logo":{"@type":"ImageObject","inLanguage":"fr-FR","@id":"https:\/\/youssef-marrah.com\/#\/schema\/logo\/image\/","url":"https:\/\/youssef-marrah.com\/wp-content\/uploads\/2020\/06\/cropped-Dark-Purple-Modern-Letter-M-Logo-500-X-250-Px-1-Edited-1.png","contentUrl":"https:\/\/youssef-marrah.com\/wp-content\/uploads\/2020\/06\/cropped-Dark-Purple-Modern-Letter-M-Logo-500-X-250-Px-1-Edited-1.png","width":330,"height":236,"caption":"Youssef Marrah"},"image":{"@id":"https:\/\/youssef-marrah.com\/#\/schema\/logo\/image\/"}}]}},"_links":{"self":[{"href":"https:\/\/youssef-marrah.com\/index.php?rest_route=\/wp\/v2\/product\/21501","targetHints":{"allow":["GET"]}}],"collection":[{"href":"https:\/\/youssef-marrah.com\/index.php?rest_route=\/wp\/v2\/product"}],"about":[{"href":"https:\/\/youssef-marrah.com\/index.php?rest_route=\/wp\/v2\/types\/product"}],"wp:featuredmedia":[{"embeddable":true,"href":"https:\/\/youssef-marrah.com\/index.php?rest_route=\/wp\/v2\/media\/21696"}],"wp:attachment":[{"href":"https:\/\/youssef-marrah.com\/index.php?rest_route=%2Fwp%2Fv2%2Fmedia&parent=21501"}],"wp:term":[{"taxonomy":"product_brand","embeddable":true,"href":"https:\/\/youssef-marrah.com\/index.php?rest_route=%2Fwp%2Fv2%2Fproduct_brand&post=21501"},{"taxonomy":"product_cat","embeddable":true,"href":"https:\/\/youssef-marrah.com\/index.php?rest_route=%2Fwp%2Fv2%2Fproduct_cat&post=21501"},{"taxonomy":"product_tag","embeddable":true,"href":"https:\/\/youssef-marrah.com\/index.php?rest_route=%2Fwp%2Fv2%2Fproduct_tag&post=21501"}],"curies":[{"name":"wp","href":"https:\/\/api.w.org\/{rel}","templated":true}]}}