{"id":21785,"date":"2026-03-12T16:47:13","date_gmt":"2026-03-12T15:47:13","guid":{"rendered":"https:\/\/youssef-marrah.com\/?post_type=product&#038;p=21785"},"modified":"2026-03-24T11:58:31","modified_gmt":"2026-03-24T10:58:31","slug":"livre-le-manager-industriel","status":"publish","type":"product","link":"https:\/\/youssef-marrah.com\/?product=livre-le-manager-industriel","title":{"rendered":"Livre : le manager industriel"},"content":{"rendered":"<h3>Ce que vous trouverez dans ce livre<\/h3>\n<p>Ce livre couvre les th\u00e8mes essentiels du management industriel, notamment :<\/p>\n<p>Le management de la production : organisation, m\u00e9thodes, planification, gestion op\u00e9rationnelle, qualit\u00e9, gestion des stocks et tableau de bord.<\/p>\n<p>Le management de la maintenance : maintenance corrective, pr\u00e9ventive, am\u00e9liorative, productive, gestion des pi\u00e8ces de rechange, documentation, GMAO, maintenance pr\u00e9dictive et pilotage du service.<\/p>\n<p>Les leviers de performance industrielle : m\u00e9thodes d\u2019am\u00e9lioration, management de projets, gestion des risques industriels, management des achats et gestion du personnel.<\/p>\n<h3>Les grandes parties du livre<\/h3>\n<h4>Partie 1 : La Production Industrielle<\/h4>\n<p>Le management de la production, la fonction \u00e9tudes, la fonction m\u00e9thodes, la planification, la gestion des stocks, la gestion op\u00e9rationnelle, la qualit\u00e9, le tableau de bord production et l\u2019esprit du manager de la production.<\/p>\n<h4>Partie 2 : La Maintenance Industrielle<\/h4>\n<p>Le management de la maintenance, la maintenance corrective, pr\u00e9ventive, am\u00e9liorative et productive, la gestion des pi\u00e8ces de rechange, la documentation maintenance, le tableau de bord, la GMAO, la maintenance pr\u00e9dictive et le guide du manager maintenance.<\/p>\n<h4>Partie 3 : Les outils compl\u00e9mentaires du manager industriel<\/h4>\n<p>Les m\u00e9thodes d\u2019am\u00e9lioration, l\u2019introduction au management de projets, la gestion des risques industriels par la m\u00e9thode MOSAR, le management des achats et la gestion du personnel.<\/p>\n","protected":false},"excerpt":{"rendered":"<p>Le Manager Industriel est un guide pratique con\u00e7u pour aider les responsables industriels, managers, superviseurs et futurs leaders d\u2019usine \u00e0 mieux structurer, piloter et am\u00e9liorer leurs services.<br \/>\n\u00c0 travers un langage simple et accessible, ce livre pr\u00e9sente les bases essentielles du management industriel et surtout les m\u00e9thodes concr\u00e8tes \u00e0 appliquer sur le terrain pour mieux g\u00e9rer la production, la maintenance et les principales fonctions de l\u2019industrie.<\/p>\n<p>Contrairement aux ouvrages trop th\u00e9oriques, ce livre est orient\u00e9 pratique, organisation et performance. Il vous apporte des d\u00e9marches claires, des outils utiles, des exemples concrets ainsi que des mod\u00e8les de documents pour vous aider \u00e0 atteindre vos objectifs et \u00e0 am\u00e9liorer durablement les r\u00e9sultats de votre usine.<\/p>\n<p>Un livre indispensable pour toute personne souhaitant d\u00e9velopper une vraie vision du management industriel et gagner en efficacit\u00e9 dans la gestion d\u2019un service ou d\u2019un d\u00e9partement industriel.<\/p>\n","protected":false},"featured_media":21786,"template":"","meta":[],"product_brand":[],"product_cat":[196],"product_tag":[],"class_list":{"0":"post-21785","1":"product","2":"type-product","3":"status-publish","4":"has-post-thumbnail","6":"product_cat-livre","8":"first","9":"instock","10":"sale","11":"shipping-taxable","12":"purchasable","13":"product-type-simple"},"yoast_head":"<!-- This site is optimized with the Yoast SEO plugin v27.4 - https:\/\/yoast.com\/product\/yoast-seo-wordpress\/ -->\n<title>Livre : le manager industriel - Youssef Marrah<\/title>\n<meta name=\"description\" content=\"Le Manager Industriel est un guide pratique con\u00e7u pour aider les responsables industriels, managers, superviseurs et futurs leaders d\u2019usine \u00e0 mieux structurer, piloter et am\u00e9liorer leurs services.\r\n\u00c0 travers un langage simple et accessible, ce livre pr\u00e9sente les bases essentielles du management industriel et surtout les m\u00e9thodes concr\u00e8tes \u00e0 appliquer sur le terrain pour mieux g\u00e9rer la production, la maintenance et les principales fonctions de l\u2019industrie.\r\n\r\nContrairement aux ouvrages trop th\u00e9oriques, ce livre est orient\u00e9 pratique, organisation et performance. Il vous apporte des d\u00e9marches claires, des outils utiles, des exemples concrets ainsi que des mod\u00e8les de documents pour vous aider \u00e0 atteindre vos objectifs et \u00e0 am\u00e9liorer durablement les r\u00e9sultats de votre usine.\r\n\r\nUn livre indispensable pour toute personne souhaitant d\u00e9velopper une vraie vision du management industriel et gagner en efficacit\u00e9 dans la gestion d\u2019un service ou d\u2019un d\u00e9partement industriel.\" \/>\n<meta name=\"robots\" content=\"index, follow, max-snippet:-1, max-image-preview:large, max-video-preview:-1\" \/>\n<link rel=\"canonical\" href=\"https:\/\/youssef-marrah.com\/?product=livre-le-manager-industriel\" \/>\n<meta property=\"og:locale\" content=\"fr_FR\" \/>\n<meta property=\"og:type\" content=\"article\" \/>\n<meta property=\"og:title\" content=\"Livre : le manager industriel - Youssef Marrah\" \/>\n<meta property=\"og:description\" content=\"Le Manager Industriel est un guide pratique con\u00e7u pour aider les responsables industriels, managers, superviseurs et futurs leaders d\u2019usine \u00e0 mieux structurer, piloter et am\u00e9liorer leurs services. \u00c0 travers un langage simple et accessible, ce livre pr\u00e9sente les bases essentielles du management industriel et surtout les m\u00e9thodes concr\u00e8tes \u00e0 appliquer sur le terrain pour mieux g\u00e9rer la production, la maintenance et les principales fonctions de l\u2019industrie.  Contrairement aux ouvrages trop th\u00e9oriques, ce livre est orient\u00e9 pratique, organisation et performance. Il vous apporte des d\u00e9marches claires, des outils utiles, des exemples concrets ainsi que des mod\u00e8les de documents pour vous aider \u00e0 atteindre vos objectifs et \u00e0 am\u00e9liorer durablement les r\u00e9sultats de votre usine.  Un livre indispensable pour toute personne souhaitant d\u00e9velopper une vraie vision du management industriel et gagner en efficacit\u00e9 dans la gestion d\u2019un service ou d\u2019un d\u00e9partement industriel.\" \/>\n<meta property=\"og:url\" content=\"https:\/\/youssef-marrah.com\/?product=livre-le-manager-industriel\" \/>\n<meta property=\"og:site_name\" content=\"Youssef Marrah\" \/>\n<meta property=\"article:modified_time\" content=\"2026-03-24T10:58:31+00:00\" \/>\n<meta property=\"og:image\" content=\"https:\/\/youssef-marrah.com\/wp-content\/uploads\/2026\/03\/Design-sans-titre-4-1-500x600-1.png\" \/>\n\t<meta property=\"og:image:width\" content=\"500\" \/>\n\t<meta property=\"og:image:height\" content=\"600\" \/>\n\t<meta property=\"og:image:type\" content=\"image\/png\" \/>\n<meta name=\"twitter:card\" content=\"summary_large_image\" \/>\n<meta name=\"twitter:label1\" content=\"Dur\u00e9e de lecture estim\u00e9e\" \/>\n\t<meta name=\"twitter:data1\" content=\"2 minutes\" \/>\n<script type=\"application\/ld+json\" class=\"yoast-schema-graph\">{\"@context\":\"https:\\\/\\\/schema.org\",\"@graph\":[{\"@type\":\"WebPage\",\"@id\":\"https:\\\/\\\/youssef-marrah.com\\\/?product=livre-le-manager-industriel\",\"url\":\"https:\\\/\\\/youssef-marrah.com\\\/?product=livre-le-manager-industriel\",\"name\":\"Livre : le manager industriel - Youssef Marrah\",\"isPartOf\":{\"@id\":\"https:\\\/\\\/youssef-marrah.com\\\/#website\"},\"primaryImageOfPage\":{\"@id\":\"https:\\\/\\\/youssef-marrah.com\\\/?product=livre-le-manager-industriel#primaryimage\"},\"image\":{\"@id\":\"https:\\\/\\\/youssef-marrah.com\\\/?product=livre-le-manager-industriel#primaryimage\"},\"thumbnailUrl\":\"https:\\\/\\\/youssef-marrah.com\\\/wp-content\\\/uploads\\\/2026\\\/03\\\/Design-sans-titre-4-1-500x600-1.png\",\"datePublished\":\"2026-03-12T15:47:13+00:00\",\"dateModified\":\"2026-03-24T10:58:31+00:00\",\"breadcrumb\":{\"@id\":\"https:\\\/\\\/youssef-marrah.com\\\/?product=livre-le-manager-industriel#breadcrumb\"},\"inLanguage\":\"fr-FR\",\"potentialAction\":[{\"@type\":\"ReadAction\",\"target\":[\"https:\\\/\\\/youssef-marrah.com\\\/?product=livre-le-manager-industriel\"]}]},{\"@type\":\"ImageObject\",\"inLanguage\":\"fr-FR\",\"@id\":\"https:\\\/\\\/youssef-marrah.com\\\/?product=livre-le-manager-industriel#primaryimage\",\"url\":\"https:\\\/\\\/youssef-marrah.com\\\/wp-content\\\/uploads\\\/2026\\\/03\\\/Design-sans-titre-4-1-500x600-1.png\",\"contentUrl\":\"https:\\\/\\\/youssef-marrah.com\\\/wp-content\\\/uploads\\\/2026\\\/03\\\/Design-sans-titre-4-1-500x600-1.png\",\"width\":500,\"height\":600},{\"@type\":\"BreadcrumbList\",\"@id\":\"https:\\\/\\\/youssef-marrah.com\\\/?product=livre-le-manager-industriel#breadcrumb\",\"itemListElement\":[{\"@type\":\"ListItem\",\"position\":1,\"name\":\"Home\",\"item\":\"https:\\\/\\\/youssef-marrah.com\\\/\"},{\"@type\":\"ListItem\",\"position\":2,\"name\":\"Shop\",\"item\":\"https:\\\/\\\/youssef-marrah.com\\\/?page_id=18008\"},{\"@type\":\"ListItem\",\"position\":3,\"name\":\"Livre : le manager industriel\"}]},{\"@type\":\"WebSite\",\"@id\":\"https:\\\/\\\/youssef-marrah.com\\\/#website\",\"url\":\"https:\\\/\\\/youssef-marrah.com\\\/\",\"name\":\"Youssef Marrah\",\"description\":\"Le bon manager de la production\",\"publisher\":{\"@id\":\"https:\\\/\\\/youssef-marrah.com\\\/#organization\"},\"potentialAction\":[{\"@type\":\"SearchAction\",\"target\":{\"@type\":\"EntryPoint\",\"urlTemplate\":\"https:\\\/\\\/youssef-marrah.com\\\/?s={search_term_string}\"},\"query-input\":{\"@type\":\"PropertyValueSpecification\",\"valueRequired\":true,\"valueName\":\"search_term_string\"}}],\"inLanguage\":\"fr-FR\"},{\"@type\":\"Organization\",\"@id\":\"https:\\\/\\\/youssef-marrah.com\\\/#organization\",\"name\":\"Youssef Marrah\",\"url\":\"https:\\\/\\\/youssef-marrah.com\\\/\",\"logo\":{\"@type\":\"ImageObject\",\"inLanguage\":\"fr-FR\",\"@id\":\"https:\\\/\\\/youssef-marrah.com\\\/#\\\/schema\\\/logo\\\/image\\\/\",\"url\":\"https:\\\/\\\/youssef-marrah.com\\\/wp-content\\\/uploads\\\/2020\\\/06\\\/cropped-Dark-Purple-Modern-Letter-M-Logo-500-X-250-Px-1-Edited-1.png\",\"contentUrl\":\"https:\\\/\\\/youssef-marrah.com\\\/wp-content\\\/uploads\\\/2020\\\/06\\\/cropped-Dark-Purple-Modern-Letter-M-Logo-500-X-250-Px-1-Edited-1.png\",\"width\":330,\"height\":236,\"caption\":\"Youssef Marrah\"},\"image\":{\"@id\":\"https:\\\/\\\/youssef-marrah.com\\\/#\\\/schema\\\/logo\\\/image\\\/\"}}]}<\/script>\n<!-- \/ Yoast SEO plugin. -->","yoast_head_json":{"title":"Livre : le manager industriel - Youssef Marrah","description":"Le Manager Industriel est un guide pratique con\u00e7u pour aider les responsables industriels, managers, superviseurs et futurs leaders d\u2019usine \u00e0 mieux structurer, piloter et am\u00e9liorer leurs services.\r\n\u00c0 travers un langage simple et accessible, ce livre pr\u00e9sente les bases essentielles du management industriel et surtout les m\u00e9thodes concr\u00e8tes \u00e0 appliquer sur le terrain pour mieux g\u00e9rer la production, la maintenance et les principales fonctions de l\u2019industrie.\r\n\r\nContrairement aux ouvrages trop th\u00e9oriques, ce livre est orient\u00e9 pratique, organisation et performance. Il vous apporte des d\u00e9marches claires, des outils utiles, des exemples concrets ainsi que des mod\u00e8les de documents pour vous aider \u00e0 atteindre vos objectifs et \u00e0 am\u00e9liorer durablement les r\u00e9sultats de votre usine.\r\n\r\nUn livre indispensable pour toute personne souhaitant d\u00e9velopper une vraie vision du management industriel et gagner en efficacit\u00e9 dans la gestion d\u2019un service ou d\u2019un d\u00e9partement industriel.","robots":{"index":"index","follow":"follow","max-snippet":"max-snippet:-1","max-image-preview":"max-image-preview:large","max-video-preview":"max-video-preview:-1"},"canonical":"https:\/\/youssef-marrah.com\/?product=livre-le-manager-industriel","og_locale":"fr_FR","og_type":"article","og_title":"Livre : le manager industriel - Youssef Marrah","og_description":"Le Manager Industriel est un guide pratique con\u00e7u pour aider les responsables industriels, managers, superviseurs et futurs leaders d\u2019usine \u00e0 mieux structurer, piloter et am\u00e9liorer leurs services. \u00c0 travers un langage simple et accessible, ce livre pr\u00e9sente les bases essentielles du management industriel et surtout les m\u00e9thodes concr\u00e8tes \u00e0 appliquer sur le terrain pour mieux g\u00e9rer la production, la maintenance et les principales fonctions de l\u2019industrie.  Contrairement aux ouvrages trop th\u00e9oriques, ce livre est orient\u00e9 pratique, organisation et performance. Il vous apporte des d\u00e9marches claires, des outils utiles, des exemples concrets ainsi que des mod\u00e8les de documents pour vous aider \u00e0 atteindre vos objectifs et \u00e0 am\u00e9liorer durablement les r\u00e9sultats de votre usine.  Un livre indispensable pour toute personne souhaitant d\u00e9velopper une vraie vision du management industriel et gagner en efficacit\u00e9 dans la gestion d\u2019un service ou d\u2019un d\u00e9partement industriel.","og_url":"https:\/\/youssef-marrah.com\/?product=livre-le-manager-industriel","og_site_name":"Youssef Marrah","article_modified_time":"2026-03-24T10:58:31+00:00","og_image":[{"width":500,"height":600,"url":"https:\/\/youssef-marrah.com\/wp-content\/uploads\/2026\/03\/Design-sans-titre-4-1-500x600-1.png","type":"image\/png"}],"twitter_card":"summary_large_image","twitter_misc":{"Dur\u00e9e de lecture estim\u00e9e":"2 minutes"},"schema":{"@context":"https:\/\/schema.org","@graph":[{"@type":"WebPage","@id":"https:\/\/youssef-marrah.com\/?product=livre-le-manager-industriel","url":"https:\/\/youssef-marrah.com\/?product=livre-le-manager-industriel","name":"Livre : le manager industriel - Youssef Marrah","isPartOf":{"@id":"https:\/\/youssef-marrah.com\/#website"},"primaryImageOfPage":{"@id":"https:\/\/youssef-marrah.com\/?product=livre-le-manager-industriel#primaryimage"},"image":{"@id":"https:\/\/youssef-marrah.com\/?product=livre-le-manager-industriel#primaryimage"},"thumbnailUrl":"https:\/\/youssef-marrah.com\/wp-content\/uploads\/2026\/03\/Design-sans-titre-4-1-500x600-1.png","datePublished":"2026-03-12T15:47:13+00:00","dateModified":"2026-03-24T10:58:31+00:00","breadcrumb":{"@id":"https:\/\/youssef-marrah.com\/?product=livre-le-manager-industriel#breadcrumb"},"inLanguage":"fr-FR","potentialAction":[{"@type":"ReadAction","target":["https:\/\/youssef-marrah.com\/?product=livre-le-manager-industriel"]}]},{"@type":"ImageObject","inLanguage":"fr-FR","@id":"https:\/\/youssef-marrah.com\/?product=livre-le-manager-industriel#primaryimage","url":"https:\/\/youssef-marrah.com\/wp-content\/uploads\/2026\/03\/Design-sans-titre-4-1-500x600-1.png","contentUrl":"https:\/\/youssef-marrah.com\/wp-content\/uploads\/2026\/03\/Design-sans-titre-4-1-500x600-1.png","width":500,"height":600},{"@type":"BreadcrumbList","@id":"https:\/\/youssef-marrah.com\/?product=livre-le-manager-industriel#breadcrumb","itemListElement":[{"@type":"ListItem","position":1,"name":"Home","item":"https:\/\/youssef-marrah.com\/"},{"@type":"ListItem","position":2,"name":"Shop","item":"https:\/\/youssef-marrah.com\/?page_id=18008"},{"@type":"ListItem","position":3,"name":"Livre : le manager industriel"}]},{"@type":"WebSite","@id":"https:\/\/youssef-marrah.com\/#website","url":"https:\/\/youssef-marrah.com\/","name":"Youssef Marrah","description":"Le bon manager de la production","publisher":{"@id":"https:\/\/youssef-marrah.com\/#organization"},"potentialAction":[{"@type":"SearchAction","target":{"@type":"EntryPoint","urlTemplate":"https:\/\/youssef-marrah.com\/?s={search_term_string}"},"query-input":{"@type":"PropertyValueSpecification","valueRequired":true,"valueName":"search_term_string"}}],"inLanguage":"fr-FR"},{"@type":"Organization","@id":"https:\/\/youssef-marrah.com\/#organization","name":"Youssef Marrah","url":"https:\/\/youssef-marrah.com\/","logo":{"@type":"ImageObject","inLanguage":"fr-FR","@id":"https:\/\/youssef-marrah.com\/#\/schema\/logo\/image\/","url":"https:\/\/youssef-marrah.com\/wp-content\/uploads\/2020\/06\/cropped-Dark-Purple-Modern-Letter-M-Logo-500-X-250-Px-1-Edited-1.png","contentUrl":"https:\/\/youssef-marrah.com\/wp-content\/uploads\/2020\/06\/cropped-Dark-Purple-Modern-Letter-M-Logo-500-X-250-Px-1-Edited-1.png","width":330,"height":236,"caption":"Youssef Marrah"},"image":{"@id":"https:\/\/youssef-marrah.com\/#\/schema\/logo\/image\/"}}]}},"_links":{"self":[{"href":"https:\/\/youssef-marrah.com\/index.php?rest_route=\/wp\/v2\/product\/21785","targetHints":{"allow":["GET"]}}],"collection":[{"href":"https:\/\/youssef-marrah.com\/index.php?rest_route=\/wp\/v2\/product"}],"about":[{"href":"https:\/\/youssef-marrah.com\/index.php?rest_route=\/wp\/v2\/types\/product"}],"wp:featuredmedia":[{"embeddable":true,"href":"https:\/\/youssef-marrah.com\/index.php?rest_route=\/wp\/v2\/media\/21786"}],"wp:attachment":[{"href":"https:\/\/youssef-marrah.com\/index.php?rest_route=%2Fwp%2Fv2%2Fmedia&parent=21785"}],"wp:term":[{"taxonomy":"product_brand","embeddable":true,"href":"https:\/\/youssef-marrah.com\/index.php?rest_route=%2Fwp%2Fv2%2Fproduct_brand&post=21785"},{"taxonomy":"product_cat","embeddable":true,"href":"https:\/\/youssef-marrah.com\/index.php?rest_route=%2Fwp%2Fv2%2Fproduct_cat&post=21785"},{"taxonomy":"product_tag","embeddable":true,"href":"https:\/\/youssef-marrah.com\/index.php?rest_route=%2Fwp%2Fv2%2Fproduct_tag&post=21785"}],"curies":[{"name":"wp","href":"https:\/\/api.w.org\/{rel}","templated":true}]}}