{"id":21866,"date":"2026-05-05T09:51:45","date_gmt":"2026-05-05T07:51:45","guid":{"rendered":"https:\/\/youssef-marrah.com\/?post_type=product&#038;p=21866"},"modified":"2026-05-05T10:31:08","modified_gmt":"2026-05-05T08:31:08","slug":"pack-maintenance-maroc","status":"publish","type":"product","link":"https:\/\/youssef-marrah.com\/?product=pack-maintenance-maroc","title":{"rendered":"Pack Le Bon Manager de la Maintenance Livre + Formation"},"content":{"rendered":"<p><strong>l&rsquo;offre englobe Le livre + Programme de formation vid\u00e9os + Support informatique<span class=\"fr-emoticon fr-deletable fr-emoticon-img\">\u00a0<\/span><\/strong><\/p>\n<p>Modules et th\u00e8mes du pack:<\/p>\n<ul>\n<li>INTRODUCTION GENERALE.<\/li>\n<li>CHAPITRE 1 : \u00a0LE MANAGEMENT DE LA MAINTENANCE<\/li>\n<li>Chapitre 2 : LA MAINTENANCE CORRECTIVE<\/li>\n<li>CHAPITRE 3 : LA MAINTENANCE PREVENTIVE<\/li>\n<li>CHAPITRE 4 : LA MAINTENANCE AMELIORATIVE<\/li>\n<li>CHAPITRE 5 : LA MAINTENANCE PRODUCTIVE<\/li>\n<li>CHAPITRE 6 : GESTION DES PIECES DE RECHANGES PDR<\/li>\n<li>CHAPITRE 7 : LA DOCUMENTATION MAINTENANCE<\/li>\n<li>CHAPITRE 8 : GESTION DU PERSONNEL<\/li>\n<li>CHAPITRE 9 : LE TABLEAU DE BORD<\/li>\n<li>CHAPITRE 10 : LA GESTION MAINTENANCE ASSISTEE PAR ORDINATEUR GMAO<\/li>\n<li>CHAPITRE 11 : METHODES D&rsquo;AMELIORATION<\/li>\n<li>CHAPITRE 12 : MAINTENANCE PREDICTIVE<\/li>\n<li>CHAPITRE 13 : GUIDE DU MANAGER MAINTENANCE<\/li>\n<\/ul>\n<h3>Mot d&rsquo;auteur :<\/h3>\n<blockquote><p>Qui vous \u00eates, un Manager ou un superviseur??<\/p>\n<p>Malheureusement dans nos jours , nous rencontrons des responsables de production qui ont beaucoup plus un esprit de superviseur qu&rsquo;un esprit de manager, la chose qui p\u00e9nalise le service et l&rsquo;entreprise, et qui rend leurs mission difficile voir impossible.<\/p>\n<p>Tous le monde peut superviser, mais peu de gens \u00a0peuvent arriver au stade de Manager ou celui du LEADER, \u00e0 travers ce livre , je vous aiderai \u00e0 sortir du cadre standard de la supervision \u00e0 l&rsquo;univers de l&rsquo;art du management ,je vous mettrai sur les raies des managers en vous donnant les bases \u00e0 avoir et les techniques \u00e0 utiliser pour devenir un bon manager du service production.<\/p>\n<p>La maintenance est une fonction critique , il se peut qu&rsquo;elle soit une cl\u00e9 de r\u00e9ussite pour l&rsquo;entreprise ou bien une charge qui la p\u00e9nalise , tout d\u00e9pend de la personne qui la g\u00e8re, alors c&rsquo;est \u00e0 vous de choisir !! Restez un responsable superviseur ou bien Devenir un bon MANAGER !!<\/p>\n<p>Dans ce livre, je vous ai donn\u00e9 les cl\u00e9s que vous aurez besoin pour r\u00e9ussir dans votre mission. C&rsquo;est \u00e0 vous maintenant de choisir la bonne cl\u00e9 pour la bonne porte et dans le bon moment.<\/p>\n<p>Youssef MARRAH<\/p><\/blockquote>\n","protected":false},"excerpt":{"rendered":"<div class=\"elementor-element elementor-element-1220c61 sc_fly_static elementor-widget elementor-widget-toggle trx_addons_parallax_layers_inited trx_addons_parallax_blocks_inited\" data-id=\"1220c61\" data-element_type=\"widget\" data-widget_type=\"toggle.default\">\n<div class=\"elementor-widget-container\">\n<div class=\"elementor-toggle\">\n<div class=\"elementor-toggle-item\">\n<h5 id=\"elementor-tab-title-1901\" class=\"elementor-tab-title\" style=\"text-align: center;\" role=\"button\" data-tab=\"1\" aria-controls=\"elementor-tab-content-1901\" aria-expanded=\"false\"><strong>Ce programme a aid\u00e9 plus de 300 cadres techniques \u00e0 booster leur carri\u00e8re.<\/strong><\/h5>\n<h5 class=\"elementor-tab-title\" role=\"button\" data-tab=\"1\" aria-controls=\"elementor-tab-content-1901\" aria-expanded=\"false\"><a class=\"elementor-toggle-title\" tabindex=\"0\">\u00cates-vous un simple superviseur ou un v\u00e9ritable manager de la maintenance ?<\/a><\/h5>\n<div id=\"elementor-tab-content-1901\" class=\"elementor-tab-content elementor-clearfix\" role=\"region\" data-tab=\"1\" aria-labelledby=\"elementor-tab-title-1901\">\n<p>La maintenance est une fonction strat\u00e9gique : elle peut devenir un levier de performance pour l\u2019entreprise\u2026 ou une source de pertes et de dysfonctionnements. Tout d\u00e9pend de la mani\u00e8re dont elle est pilot\u00e9e.<\/p>\n<p>\u00c0 travers ce Pack, Youssef MARRAH vous aide \u00e0 d\u00e9passer le simple r\u00f4le de supervision pour adopter la posture, les m\u00e9thodes et la vision d\u2019un vrai manager de la maintenance. Vous y d\u00e9couvrirez les bases essentielles, les bonnes pratiques et les cl\u00e9s concr\u00e8tes pour mieux g\u00e9rer votre service, vos \u00e9quipes et vos priorit\u00e9s.<\/p>\n<p>Un programme pratique pour toute personne qui veut r\u00e9ussir sa mission et devenir un manager plus efficace, structur\u00e9 et impactant.<\/p>\n<p style=\"text-align: center;\">\n<\/div>\n<\/div>\n<\/div>\n<\/div>\n<\/div>\n","protected":false},"featured_media":21867,"template":"","meta":[],"product_brand":[],"product_cat":[196],"product_tag":[],"class_list":{"0":"post-21866","1":"product","2":"type-product","3":"status-publish","4":"has-post-thumbnail","6":"product_cat-livre","8":"first","9":"instock","10":"sale","11":"shipping-taxable","12":"purchasable","13":"product-type-simple"},"yoast_head":"<!-- This site is optimized with the Yoast SEO plugin v27.4 - https:\/\/yoast.com\/product\/yoast-seo-wordpress\/ -->\n<title>Pack Le Bon Manager de la Maintenance Livre + Formation - Youssef Marrah<\/title>\n<meta name=\"description\" content=\"Ce programme a aid\u00e9 plus de 300 cadres techniques \u00e0 booster leur carri\u00e8re.\r\n\u00cates-vous un simple superviseur ou un v\u00e9ritable manager de la maintenance ?\r\n\r\n\r\nLa maintenance est une fonction strat\u00e9gique : elle peut devenir un levier de performance pour l\u2019entreprise\u2026 ou une source de pertes et de dysfonctionnements. Tout d\u00e9pend de la mani\u00e8re dont elle est pilot\u00e9e.\r\n\r\n\u00c0 travers ce Pack, Youssef MARRAH vous aide \u00e0 d\u00e9passer le simple r\u00f4le de supervision pour adopter la posture, les m\u00e9thodes et la vision d\u2019un vrai manager de la maintenance. Vous y d\u00e9couvrirez les bases essentielles, les bonnes pratiques et les cl\u00e9s concr\u00e8tes pour mieux g\u00e9rer votre service, vos \u00e9quipes et vos priorit\u00e9s.\r\n\r\nUn programme pratique pour toute personne qui veut r\u00e9ussir sa mission et devenir un manager plus efficace, structur\u00e9 et impactant.\" \/>\n<meta name=\"robots\" content=\"index, follow, max-snippet:-1, max-image-preview:large, max-video-preview:-1\" \/>\n<link rel=\"canonical\" href=\"https:\/\/youssef-marrah.com\/?product=pack-maintenance-maroc\" \/>\n<meta property=\"og:locale\" content=\"fr_FR\" \/>\n<meta property=\"og:type\" content=\"article\" \/>\n<meta property=\"og:title\" content=\"Pack Le Bon Manager de la Maintenance Livre + Formation - Youssef Marrah\" \/>\n<meta property=\"og:description\" content=\"Ce programme a aid\u00e9 plus de 300 cadres techniques \u00e0 booster leur carri\u00e8re. \u00cates-vous un simple superviseur ou un v\u00e9ritable manager de la maintenance ?   La maintenance est une fonction strat\u00e9gique : elle peut devenir un levier de performance pour l\u2019entreprise\u2026 ou une source de pertes et de dysfonctionnements. Tout d\u00e9pend de la mani\u00e8re dont elle est pilot\u00e9e.  \u00c0 travers ce Pack, Youssef MARRAH vous aide \u00e0 d\u00e9passer le simple r\u00f4le de supervision pour adopter la posture, les m\u00e9thodes et la vision d\u2019un vrai manager de la maintenance. Vous y d\u00e9couvrirez les bases essentielles, les bonnes pratiques et les cl\u00e9s concr\u00e8tes pour mieux g\u00e9rer votre service, vos \u00e9quipes et vos priorit\u00e9s.  Un programme pratique pour toute personne qui veut r\u00e9ussir sa mission et devenir un manager plus efficace, structur\u00e9 et impactant.\" \/>\n<meta property=\"og:url\" content=\"https:\/\/youssef-marrah.com\/?product=pack-maintenance-maroc\" \/>\n<meta property=\"og:site_name\" content=\"Youssef Marrah\" \/>\n<meta property=\"article:modified_time\" content=\"2026-05-05T08:31:08+00:00\" \/>\n<meta property=\"og:image\" content=\"https:\/\/youssef-marrah.com\/wp-content\/uploads\/2026\/05\/Pack-de-formation-maintenance-industrielle-683x1024.png\" \/>\n\t<meta property=\"og:image:width\" content=\"683\" \/>\n\t<meta property=\"og:image:height\" content=\"1024\" \/>\n\t<meta property=\"og:image:type\" content=\"image\/png\" \/>\n<meta name=\"twitter:card\" content=\"summary_large_image\" \/>\n<meta name=\"twitter:label1\" content=\"Dur\u00e9e de lecture estim\u00e9e\" \/>\n\t<meta name=\"twitter:data1\" content=\"1 minute\" \/>\n<script type=\"application\/ld+json\" class=\"yoast-schema-graph\">{\"@context\":\"https:\\\/\\\/schema.org\",\"@graph\":[{\"@type\":\"WebPage\",\"@id\":\"https:\\\/\\\/youssef-marrah.com\\\/?product=pack-maintenance-maroc\",\"url\":\"https:\\\/\\\/youssef-marrah.com\\\/?product=pack-maintenance-maroc\",\"name\":\"Pack Le Bon Manager de la Maintenance Livre + Formation - Youssef Marrah\",\"isPartOf\":{\"@id\":\"https:\\\/\\\/youssef-marrah.com\\\/#website\"},\"primaryImageOfPage\":{\"@id\":\"https:\\\/\\\/youssef-marrah.com\\\/?product=pack-maintenance-maroc#primaryimage\"},\"image\":{\"@id\":\"https:\\\/\\\/youssef-marrah.com\\\/?product=pack-maintenance-maroc#primaryimage\"},\"thumbnailUrl\":\"https:\\\/\\\/youssef-marrah.com\\\/wp-content\\\/uploads\\\/2026\\\/05\\\/Pack-de-formation-maintenance-industrielle.png\",\"datePublished\":\"2026-05-05T07:51:45+00:00\",\"dateModified\":\"2026-05-05T08:31:08+00:00\",\"breadcrumb\":{\"@id\":\"https:\\\/\\\/youssef-marrah.com\\\/?product=pack-maintenance-maroc#breadcrumb\"},\"inLanguage\":\"fr-FR\",\"potentialAction\":[{\"@type\":\"ReadAction\",\"target\":[\"https:\\\/\\\/youssef-marrah.com\\\/?product=pack-maintenance-maroc\"]}]},{\"@type\":\"ImageObject\",\"inLanguage\":\"fr-FR\",\"@id\":\"https:\\\/\\\/youssef-marrah.com\\\/?product=pack-maintenance-maroc#primaryimage\",\"url\":\"https:\\\/\\\/youssef-marrah.com\\\/wp-content\\\/uploads\\\/2026\\\/05\\\/Pack-de-formation-maintenance-industrielle.png\",\"contentUrl\":\"https:\\\/\\\/youssef-marrah.com\\\/wp-content\\\/uploads\\\/2026\\\/05\\\/Pack-de-formation-maintenance-industrielle.png\",\"width\":1024,\"height\":1536},{\"@type\":\"BreadcrumbList\",\"@id\":\"https:\\\/\\\/youssef-marrah.com\\\/?product=pack-maintenance-maroc#breadcrumb\",\"itemListElement\":[{\"@type\":\"ListItem\",\"position\":1,\"name\":\"Home\",\"item\":\"https:\\\/\\\/youssef-marrah.com\\\/\"},{\"@type\":\"ListItem\",\"position\":2,\"name\":\"Shop\",\"item\":\"https:\\\/\\\/youssef-marrah.com\\\/?page_id=18008\"},{\"@type\":\"ListItem\",\"position\":3,\"name\":\"Pack Le Bon Manager de la Maintenance Livre + Formation\"}]},{\"@type\":\"WebSite\",\"@id\":\"https:\\\/\\\/youssef-marrah.com\\\/#website\",\"url\":\"https:\\\/\\\/youssef-marrah.com\\\/\",\"name\":\"Youssef Marrah\",\"description\":\"Le bon manager de la production\",\"publisher\":{\"@id\":\"https:\\\/\\\/youssef-marrah.com\\\/#organization\"},\"potentialAction\":[{\"@type\":\"SearchAction\",\"target\":{\"@type\":\"EntryPoint\",\"urlTemplate\":\"https:\\\/\\\/youssef-marrah.com\\\/?s={search_term_string}\"},\"query-input\":{\"@type\":\"PropertyValueSpecification\",\"valueRequired\":true,\"valueName\":\"search_term_string\"}}],\"inLanguage\":\"fr-FR\"},{\"@type\":\"Organization\",\"@id\":\"https:\\\/\\\/youssef-marrah.com\\\/#organization\",\"name\":\"Youssef Marrah\",\"url\":\"https:\\\/\\\/youssef-marrah.com\\\/\",\"logo\":{\"@type\":\"ImageObject\",\"inLanguage\":\"fr-FR\",\"@id\":\"https:\\\/\\\/youssef-marrah.com\\\/#\\\/schema\\\/logo\\\/image\\\/\",\"url\":\"https:\\\/\\\/youssef-marrah.com\\\/wp-content\\\/uploads\\\/2020\\\/06\\\/cropped-Dark-Purple-Modern-Letter-M-Logo-500-X-250-Px-1-Edited-1.png\",\"contentUrl\":\"https:\\\/\\\/youssef-marrah.com\\\/wp-content\\\/uploads\\\/2020\\\/06\\\/cropped-Dark-Purple-Modern-Letter-M-Logo-500-X-250-Px-1-Edited-1.png\",\"width\":330,\"height\":236,\"caption\":\"Youssef Marrah\"},\"image\":{\"@id\":\"https:\\\/\\\/youssef-marrah.com\\\/#\\\/schema\\\/logo\\\/image\\\/\"}}]}<\/script>\n<!-- \/ Yoast SEO plugin. -->","yoast_head_json":{"title":"Pack Le Bon Manager de la Maintenance Livre + Formation - Youssef Marrah","description":"Ce programme a aid\u00e9 plus de 300 cadres techniques \u00e0 booster leur carri\u00e8re.\r\n\u00cates-vous un simple superviseur ou un v\u00e9ritable manager de la maintenance ?\r\n\r\n\r\nLa maintenance est une fonction strat\u00e9gique : elle peut devenir un levier de performance pour l\u2019entreprise\u2026 ou une source de pertes et de dysfonctionnements. Tout d\u00e9pend de la mani\u00e8re dont elle est pilot\u00e9e.\r\n\r\n\u00c0 travers ce Pack, Youssef MARRAH vous aide \u00e0 d\u00e9passer le simple r\u00f4le de supervision pour adopter la posture, les m\u00e9thodes et la vision d\u2019un vrai manager de la maintenance. Vous y d\u00e9couvrirez les bases essentielles, les bonnes pratiques et les cl\u00e9s concr\u00e8tes pour mieux g\u00e9rer votre service, vos \u00e9quipes et vos priorit\u00e9s.\r\n\r\nUn programme pratique pour toute personne qui veut r\u00e9ussir sa mission et devenir un manager plus efficace, structur\u00e9 et impactant.","robots":{"index":"index","follow":"follow","max-snippet":"max-snippet:-1","max-image-preview":"max-image-preview:large","max-video-preview":"max-video-preview:-1"},"canonical":"https:\/\/youssef-marrah.com\/?product=pack-maintenance-maroc","og_locale":"fr_FR","og_type":"article","og_title":"Pack Le Bon Manager de la Maintenance Livre + Formation - Youssef Marrah","og_description":"Ce programme a aid\u00e9 plus de 300 cadres techniques \u00e0 booster leur carri\u00e8re. \u00cates-vous un simple superviseur ou un v\u00e9ritable manager de la maintenance ?   La maintenance est une fonction strat\u00e9gique : elle peut devenir un levier de performance pour l\u2019entreprise\u2026 ou une source de pertes et de dysfonctionnements. Tout d\u00e9pend de la mani\u00e8re dont elle est pilot\u00e9e.  \u00c0 travers ce Pack, Youssef MARRAH vous aide \u00e0 d\u00e9passer le simple r\u00f4le de supervision pour adopter la posture, les m\u00e9thodes et la vision d\u2019un vrai manager de la maintenance. Vous y d\u00e9couvrirez les bases essentielles, les bonnes pratiques et les cl\u00e9s concr\u00e8tes pour mieux g\u00e9rer votre service, vos \u00e9quipes et vos priorit\u00e9s.  Un programme pratique pour toute personne qui veut r\u00e9ussir sa mission et devenir un manager plus efficace, structur\u00e9 et impactant.","og_url":"https:\/\/youssef-marrah.com\/?product=pack-maintenance-maroc","og_site_name":"Youssef Marrah","article_modified_time":"2026-05-05T08:31:08+00:00","og_image":[{"width":683,"height":1024,"url":"https:\/\/youssef-marrah.com\/wp-content\/uploads\/2026\/05\/Pack-de-formation-maintenance-industrielle-683x1024.png","type":"image\/png"}],"twitter_card":"summary_large_image","twitter_misc":{"Dur\u00e9e de lecture estim\u00e9e":"1 minute"},"schema":{"@context":"https:\/\/schema.org","@graph":[{"@type":"WebPage","@id":"https:\/\/youssef-marrah.com\/?product=pack-maintenance-maroc","url":"https:\/\/youssef-marrah.com\/?product=pack-maintenance-maroc","name":"Pack Le Bon Manager de la Maintenance Livre + Formation - Youssef Marrah","isPartOf":{"@id":"https:\/\/youssef-marrah.com\/#website"},"primaryImageOfPage":{"@id":"https:\/\/youssef-marrah.com\/?product=pack-maintenance-maroc#primaryimage"},"image":{"@id":"https:\/\/youssef-marrah.com\/?product=pack-maintenance-maroc#primaryimage"},"thumbnailUrl":"https:\/\/youssef-marrah.com\/wp-content\/uploads\/2026\/05\/Pack-de-formation-maintenance-industrielle.png","datePublished":"2026-05-05T07:51:45+00:00","dateModified":"2026-05-05T08:31:08+00:00","breadcrumb":{"@id":"https:\/\/youssef-marrah.com\/?product=pack-maintenance-maroc#breadcrumb"},"inLanguage":"fr-FR","potentialAction":[{"@type":"ReadAction","target":["https:\/\/youssef-marrah.com\/?product=pack-maintenance-maroc"]}]},{"@type":"ImageObject","inLanguage":"fr-FR","@id":"https:\/\/youssef-marrah.com\/?product=pack-maintenance-maroc#primaryimage","url":"https:\/\/youssef-marrah.com\/wp-content\/uploads\/2026\/05\/Pack-de-formation-maintenance-industrielle.png","contentUrl":"https:\/\/youssef-marrah.com\/wp-content\/uploads\/2026\/05\/Pack-de-formation-maintenance-industrielle.png","width":1024,"height":1536},{"@type":"BreadcrumbList","@id":"https:\/\/youssef-marrah.com\/?product=pack-maintenance-maroc#breadcrumb","itemListElement":[{"@type":"ListItem","position":1,"name":"Home","item":"https:\/\/youssef-marrah.com\/"},{"@type":"ListItem","position":2,"name":"Shop","item":"https:\/\/youssef-marrah.com\/?page_id=18008"},{"@type":"ListItem","position":3,"name":"Pack Le Bon Manager de la Maintenance Livre + Formation"}]},{"@type":"WebSite","@id":"https:\/\/youssef-marrah.com\/#website","url":"https:\/\/youssef-marrah.com\/","name":"Youssef Marrah","description":"Le bon manager de la production","publisher":{"@id":"https:\/\/youssef-marrah.com\/#organization"},"potentialAction":[{"@type":"SearchAction","target":{"@type":"EntryPoint","urlTemplate":"https:\/\/youssef-marrah.com\/?s={search_term_string}"},"query-input":{"@type":"PropertyValueSpecification","valueRequired":true,"valueName":"search_term_string"}}],"inLanguage":"fr-FR"},{"@type":"Organization","@id":"https:\/\/youssef-marrah.com\/#organization","name":"Youssef Marrah","url":"https:\/\/youssef-marrah.com\/","logo":{"@type":"ImageObject","inLanguage":"fr-FR","@id":"https:\/\/youssef-marrah.com\/#\/schema\/logo\/image\/","url":"https:\/\/youssef-marrah.com\/wp-content\/uploads\/2020\/06\/cropped-Dark-Purple-Modern-Letter-M-Logo-500-X-250-Px-1-Edited-1.png","contentUrl":"https:\/\/youssef-marrah.com\/wp-content\/uploads\/2020\/06\/cropped-Dark-Purple-Modern-Letter-M-Logo-500-X-250-Px-1-Edited-1.png","width":330,"height":236,"caption":"Youssef Marrah"},"image":{"@id":"https:\/\/youssef-marrah.com\/#\/schema\/logo\/image\/"}}]}},"_links":{"self":[{"href":"https:\/\/youssef-marrah.com\/index.php?rest_route=\/wp\/v2\/product\/21866","targetHints":{"allow":["GET"]}}],"collection":[{"href":"https:\/\/youssef-marrah.com\/index.php?rest_route=\/wp\/v2\/product"}],"about":[{"href":"https:\/\/youssef-marrah.com\/index.php?rest_route=\/wp\/v2\/types\/product"}],"wp:featuredmedia":[{"embeddable":true,"href":"https:\/\/youssef-marrah.com\/index.php?rest_route=\/wp\/v2\/media\/21867"}],"wp:attachment":[{"href":"https:\/\/youssef-marrah.com\/index.php?rest_route=%2Fwp%2Fv2%2Fmedia&parent=21866"}],"wp:term":[{"taxonomy":"product_brand","embeddable":true,"href":"https:\/\/youssef-marrah.com\/index.php?rest_route=%2Fwp%2Fv2%2Fproduct_brand&post=21866"},{"taxonomy":"product_cat","embeddable":true,"href":"https:\/\/youssef-marrah.com\/index.php?rest_route=%2Fwp%2Fv2%2Fproduct_cat&post=21866"},{"taxonomy":"product_tag","embeddable":true,"href":"https:\/\/youssef-marrah.com\/index.php?rest_route=%2Fwp%2Fv2%2Fproduct_tag&post=21866"}],"curies":[{"name":"wp","href":"https:\/\/api.w.org\/{rel}","templated":true}]}}